{"id":2389,"date":"2019-06-12T11:33:03","date_gmt":"2019-06-12T09:33:03","guid":{"rendered":"https:\/\/eengoedereede.nl\/aktivitaten\/"},"modified":"2022-05-26T22:18:19","modified_gmt":"2022-05-26T20:18:19","slug":"aktivitaten","status":"publish","type":"page","link":"https:\/\/eengoedereede.nl\/de\/aktivitaten\/","title":{"rendered":"Aktivit\u00e4ten"},"content":{"rendered":"\n<div class=\"wp-block-getwid-section alignfull alignfull\"><div class=\"wp-block-getwid-section__wrapper\"><div class=\"wp-block-getwid-section__inner-wrapper\"><div class=\"wp-block-getwid-section__background-holder\"><div class=\"wp-block-getwid-section__background\"><\/div><div class=\"wp-block-getwid-section__foreground\"><\/div><\/div><div class=\"wp-block-getwid-section__content\"><div class=\"wp-block-getwid-section__inner-content\">\n<h2 class=\"has-text-align-left wp-block-heading\">Was gibt es in der Umgebung zu sehen?<\/h2>\n\n\n\n<p class=\"has-text-align-left\">Die n\u00e4here Umgebung h\u00e4lt f\u00fcr jeden Geschmack und zu jedem Zeitpunkt tolle Erlebnisse bereit. Die wundersch\u00f6nen breiten Str\u00e4nde, die h\u00fcbschen St\u00e4dtchen mit ihren lebhaften M\u00e4rkten und Flohm\u00e4rkten, eine ganze Reihe sportlicher Aktivit\u00e4ten und Tagesausfl\u00fcge. <\/p>\n<\/div><\/div><\/div><\/div><\/div>\n\n<div style=\"height:43px\" aria-hidden=\"true\" class=\"wp-block-spacer\"><\/div>\n\n<p><\/p>\n\n<div class=\"wp-block-getwid-section alignfull alignfull getwid-margin-top-none getwid-margin-bottom-none\"><div class=\"wp-block-getwid-section__wrapper getwid-padding-top-none getwid-padding-bottom-large getwid-padding-left-medium getwid-padding-right-medium getwid-padding-mobile-left-small getwid-padding-mobile-right-small\"><div class=\"wp-block-getwid-section__inner-wrapper\"><div class=\"wp-block-getwid-section__background-holder\"><div class=\"wp-block-getwid-section__background\"><\/div><div class=\"wp-block-getwid-section__foreground\"><\/div><\/div><div class=\"wp-block-getwid-section__content\"><div class=\"wp-block-getwid-section__inner-content\">\n<div class=\"wp-block-columns has-2-columns is-layout-flex wp-container-core-columns-is-layout-9d6595d7 wp-block-columns-is-layout-flex\">\n<div class=\"wp-block-column is-layout-flow wp-block-column-is-layout-flow\">\n<div class=\"wp-block-getwid-banner has-text-animation-opacity has-foreground-40\"><div class=\"wp-block-getwid-banner__wrapper has-background has-black-background-color\"><img loading=\"lazy\" decoding=\"async\" width=\"2560\" height=\"1920\" src=\"http:\/\/websiteopzet.nl\/eengoedereede\/wp-content\/uploads\/2020\/10\/image1-1-1-scaled.jpeg\" alt=\"\" class=\"wp-block-getwid-banner__image wp-block-getwid-banner__source wp-image-1188\" srcset=\"https:\/\/eengoedereede.nl\/wp-content\/uploads\/2020\/10\/image1-1-1-scaled.jpeg 2560w, https:\/\/eengoedereede.nl\/wp-content\/uploads\/2020\/10\/image1-1-1-scaled-600x450.jpeg 600w, https:\/\/eengoedereede.nl\/wp-content\/uploads\/2020\/10\/image1-1-1-300x225.jpeg 300w, https:\/\/eengoedereede.nl\/wp-content\/uploads\/2020\/10\/image1-1-1-1024x768.jpeg 1024w, https:\/\/eengoedereede.nl\/wp-content\/uploads\/2020\/10\/image1-1-1-768x576.jpeg 768w, https:\/\/eengoedereede.nl\/wp-content\/uploads\/2020\/10\/image1-1-1-1536x1152.jpeg 1536w, https:\/\/eengoedereede.nl\/wp-content\/uploads\/2020\/10\/image1-1-1-2048x1536.jpeg 2048w, https:\/\/eengoedereede.nl\/wp-content\/uploads\/2020\/10\/image1-1-1-1170x878.jpeg 1170w\" sizes=\"auto, (max-width: 2560px) 100vw, 2560px\" \/><div class=\"wp-block-getwid-banner__caption\"><div class=\"wp-block-getwid-banner__caption-wrapper\"><span class=\"wp-block-getwid-banner__title\"><strong><strong>Fahrradrouten<\/strong><\/strong><\/span><p class=\"wp-block-getwid-banner__text\"><strong><strong>Entdecken Sie das Radwegenetz von Goeree-Overflakkee<\/strong><\/strong><\/p><\/div><\/div><\/div><\/div>\n\n\n\n<div class=\"wp-block-getwid-banner has-text-animation-opacity has-foreground-40\"><div class=\"wp-block-getwid-banner__wrapper has-background has-black-background-color\"><img loading=\"lazy\" decoding=\"async\" width=\"2560\" height=\"1920\" src=\"http:\/\/websiteopzet.nl\/eengoedereede\/wp-content\/uploads\/2020\/10\/image3-1-1-scaled.jpeg\" alt=\"\" class=\"wp-block-getwid-banner__image wp-block-getwid-banner__source wp-image-1194\" srcset=\"https:\/\/eengoedereede.nl\/wp-content\/uploads\/2020\/10\/image3-1-1-scaled.jpeg 2560w, https:\/\/eengoedereede.nl\/wp-content\/uploads\/2020\/10\/image3-1-1-scaled-600x450.jpeg 600w, https:\/\/eengoedereede.nl\/wp-content\/uploads\/2020\/10\/image3-1-1-300x225.jpeg 300w, https:\/\/eengoedereede.nl\/wp-content\/uploads\/2020\/10\/image3-1-1-1024x768.jpeg 1024w, https:\/\/eengoedereede.nl\/wp-content\/uploads\/2020\/10\/image3-1-1-768x576.jpeg 768w, https:\/\/eengoedereede.nl\/wp-content\/uploads\/2020\/10\/image3-1-1-1536x1152.jpeg 1536w, https:\/\/eengoedereede.nl\/wp-content\/uploads\/2020\/10\/image3-1-1-2048x1536.jpeg 2048w, https:\/\/eengoedereede.nl\/wp-content\/uploads\/2020\/10\/image3-1-1-1170x878.jpeg 1170w\" sizes=\"auto, (max-width: 2560px) 100vw, 2560px\" \/><div class=\"wp-block-getwid-banner__caption\" style=\"min-height:0px\"><div class=\"wp-block-getwid-banner__caption-wrapper\"><span class=\"wp-block-getwid-banner__title\"><strong>Str\u00e4nde<\/strong><\/span><p class=\"wp-block-getwid-banner__text\"><strong>Besuchen Sie die wundersch\u00f6nen zeel\u00e4ndischen Str\u00e4nde von<br\/>Ouddorp, Brouwersdam und Renesse. <\/strong><\/p><\/div><\/div><\/div><\/div>\n\n\n\n<div class=\"wp-block-getwid-banner has-text-animation-opacity has-foreground-40\"><a href=\"https:\/\/www.demekkerstee.nl\/nl\/\" target=\"_blank\" rel=\"noreferrer noopener\" class=\"wp-block-getwid-banner__link\"><div class=\"wp-block-getwid-banner__wrapper has-background has-black-background-color\"><img loading=\"lazy\" decoding=\"async\" width=\"1600\" height=\"460\" src=\"http:\/\/websiteopzet.nl\/eengoedereede\/wp-content\/uploads\/2020\/11\/header_geitenboerderij-1600x460-c-default.jpg\" alt=\"\" class=\"wp-block-getwid-banner__image wp-block-getwid-banner__source wp-image-1295\" srcset=\"https:\/\/eengoedereede.nl\/wp-content\/uploads\/2020\/11\/header_geitenboerderij-1600x460-c-default.jpg 1600w, https:\/\/eengoedereede.nl\/wp-content\/uploads\/2020\/11\/header_geitenboerderij-1600x460-c-default-600x173.jpg 600w, https:\/\/eengoedereede.nl\/wp-content\/uploads\/2020\/11\/header_geitenboerderij-1600x460-c-default-300x86.jpg 300w, https:\/\/eengoedereede.nl\/wp-content\/uploads\/2020\/11\/header_geitenboerderij-1600x460-c-default-1024x294.jpg 1024w, https:\/\/eengoedereede.nl\/wp-content\/uploads\/2020\/11\/header_geitenboerderij-1600x460-c-default-768x221.jpg 768w, https:\/\/eengoedereede.nl\/wp-content\/uploads\/2020\/11\/header_geitenboerderij-1600x460-c-default-1536x442.jpg 1536w, https:\/\/eengoedereede.nl\/wp-content\/uploads\/2020\/11\/header_geitenboerderij-1600x460-c-default-1170x336.jpg 1170w\" sizes=\"auto, (max-width: 1600px) 100vw, 1600px\" \/><div class=\"wp-block-getwid-banner__caption\"><div class=\"wp-block-getwid-banner__caption-wrapper\"><span class=\"wp-block-getwid-banner__title\"><strong><strong>Ziegenbauernhof<\/strong><\/strong><\/span><p class=\"wp-block-getwid-banner__text\"><strong>.&nbsp;<\/strong><br><strong>Besuchen Sie den Ziegenbauernhof De Mekkerstee<\/strong><\/p><\/div><\/div><\/div><\/a><\/div>\n\n\n\n<div class=\"wp-block-getwid-banner has-text-animation-opacity has-foreground-40\"><div class=\"wp-block-getwid-banner__wrapper has-background has-black-background-color\"><img loading=\"lazy\" decoding=\"async\" width=\"1600\" height=\"1123\" src=\"http:\/\/websiteopzet.nl\/eengoedereede\/wp-content\/uploads\/2019\/07\/surfing-lessons.jpg\" alt=\"\" class=\"wp-block-getwid-banner__image wp-block-getwid-banner__source wp-image-509\" srcset=\"https:\/\/eengoedereede.nl\/wp-content\/uploads\/2019\/07\/surfing-lessons.jpg 1600w, https:\/\/eengoedereede.nl\/wp-content\/uploads\/2019\/07\/surfing-lessons-600x421.jpg 600w, https:\/\/eengoedereede.nl\/wp-content\/uploads\/2019\/07\/surfing-lessons-300x211.jpg 300w, https:\/\/eengoedereede.nl\/wp-content\/uploads\/2019\/07\/surfing-lessons-1024x719.jpg 1024w, https:\/\/eengoedereede.nl\/wp-content\/uploads\/2019\/07\/surfing-lessons-768x539.jpg 768w, https:\/\/eengoedereede.nl\/wp-content\/uploads\/2019\/07\/surfing-lessons-1536x1078.jpg 1536w, https:\/\/eengoedereede.nl\/wp-content\/uploads\/2019\/07\/surfing-lessons-1170x821.jpg 1170w\" sizes=\"auto, (max-width: 1600px) 100vw, 1600px\" \/><div class=\"wp-block-getwid-banner__caption\" style=\"min-height:0px\"><div class=\"wp-block-getwid-banner__caption-wrapper\"><span class=\"wp-block-getwid-banner__title\"><strong>Verschiedene Sportarten<\/strong><\/span><p class=\"wp-block-getwid-banner__text\"><strong><strong> In der Umgebung gibt es verschiedene Sportm\u00f6glichkeiten. Wind- oder Kitesurfen und Wellenreiten am Meer oder Ausritte mit der Reitschule Dijkgraaf. <\/strong><\/strong><\/p><\/div><\/div><\/div><\/div>\n\n\n\n<div class=\"wp-block-getwid-banner has-text-animation-opacity has-foreground-40\"><a href=\"https:\/\/pscdedijkgraaf.nl\/\" target=\"_blank\" rel=\"noreferrer noopener\" class=\"wp-block-getwid-banner__link\"><div class=\"wp-block-getwid-banner__wrapper has-background has-black-background-color\"><img decoding=\"async\" src=\"https:\/\/eengoedereede.nl\/wp-content\/uploads\/2021\/10\/pexels-enric-cruz-lo%CC%81pez-6272347-scaled.jpg\" alt=\"\" class=\"wp-block-getwid-banner__image wp-block-getwid-banner__source wp-image-1459\"><div class=\"wp-block-getwid-banner__caption\"><div class=\"wp-block-getwid-banner__caption-wrapper\"><span class=\"wp-block-getwid-banner__title\">Reitschule \u201ePSC de Dijkgraaf\u201c<\/span><p class=\"wp-block-getwid-banner__text\">Besuchen Sie den Dijkgraaf f\u00fcr einen unterhaltsamen Reittag am Strand. <\/p><\/div><\/div><\/div><\/a><\/div>\n<\/div>\n\n\n\n<div class=\"wp-block-column is-layout-flow wp-block-column-is-layout-flow\">\n<div class=\"wp-block-getwid-banner has-text-animation-opacity has-foreground-40\"><div class=\"wp-block-getwid-banner__wrapper has-background has-black-background-color\"><img loading=\"lazy\" decoding=\"async\" width=\"2560\" height=\"1920\" src=\"http:\/\/websiteopzet.nl\/eengoedereede\/wp-content\/uploads\/2020\/10\/image0-2-scaled.jpeg\" alt=\"\" class=\"wp-block-getwid-banner__image wp-block-getwid-banner__source wp-image-1185\" srcset=\"https:\/\/eengoedereede.nl\/wp-content\/uploads\/2020\/10\/image0-2-scaled.jpeg 2560w, https:\/\/eengoedereede.nl\/wp-content\/uploads\/2020\/10\/image0-2-scaled-600x450.jpeg 600w, https:\/\/eengoedereede.nl\/wp-content\/uploads\/2020\/10\/image0-2-300x225.jpeg 300w, https:\/\/eengoedereede.nl\/wp-content\/uploads\/2020\/10\/image0-2-1024x768.jpeg 1024w, https:\/\/eengoedereede.nl\/wp-content\/uploads\/2020\/10\/image0-2-768x576.jpeg 768w, https:\/\/eengoedereede.nl\/wp-content\/uploads\/2020\/10\/image0-2-1536x1152.jpeg 1536w, https:\/\/eengoedereede.nl\/wp-content\/uploads\/2020\/10\/image0-2-2048x1536.jpeg 2048w, https:\/\/eengoedereede.nl\/wp-content\/uploads\/2020\/10\/image0-2-1170x878.jpeg 1170w\" sizes=\"auto, (max-width: 2560px) 100vw, 2560px\" \/><div class=\"wp-block-getwid-banner__caption\" style=\"min-height:0px\"><div class=\"wp-block-getwid-banner__caption-wrapper\"><span class=\"wp-block-getwid-banner__title\"><strong>St\u00e4dtetouren<\/strong><\/span><p class=\"wp-block-getwid-banner__text\"><strong>Besuchen Sie die umliegenden St\u00e4dte <br\/>Zierikzee, Renesse und Middelharnis.<\/strong> <\/p><\/div><\/div><\/div><\/div>\n\n\n\n<div class=\"wp-block-getwid-banner has-text-animation-opacity has-foreground-40\"><div class=\"wp-block-getwid-banner__wrapper has-background has-black-background-color\"><img loading=\"lazy\" decoding=\"async\" width=\"1920\" height=\"2560\" src=\"http:\/\/websiteopzet.nl\/eengoedereede\/wp-content\/uploads\/2020\/10\/image5-scaled.jpeg\" alt=\"\" class=\"wp-block-getwid-banner__image wp-block-getwid-banner__source wp-image-1197\" srcset=\"https:\/\/eengoedereede.nl\/wp-content\/uploads\/2020\/10\/image5-scaled.jpeg 1920w, https:\/\/eengoedereede.nl\/wp-content\/uploads\/2020\/10\/image5-scaled-600x800.jpeg 600w, https:\/\/eengoedereede.nl\/wp-content\/uploads\/2020\/10\/image5-225x300.jpeg 225w, https:\/\/eengoedereede.nl\/wp-content\/uploads\/2020\/10\/image5-768x1024.jpeg 768w, https:\/\/eengoedereede.nl\/wp-content\/uploads\/2020\/10\/image5-1152x1536.jpeg 1152w, https:\/\/eengoedereede.nl\/wp-content\/uploads\/2020\/10\/image5-1536x2048.jpeg 1536w, https:\/\/eengoedereede.nl\/wp-content\/uploads\/2020\/10\/image5-1170x1560.jpeg 1170w\" sizes=\"auto, (max-width: 1920px) 100vw, 1920px\" \/><div class=\"wp-block-getwid-banner__caption\"><div class=\"wp-block-getwid-banner__caption-wrapper\"><span class=\"wp-block-getwid-banner__title\"><strong>Wanderwege<\/strong><\/span><p class=\"wp-block-getwid-banner__text\"><strong>Wandern Sie auf vielf\u00e4ltigen Rundwanderwegen. Dabei stehen zahlreiche verschiedene Distanzen zur Auswahl. <\/strong><\/p><\/div><\/div><\/div><\/div>\n\n\n\n<div class=\"wp-block-getwid-banner has-text-animation-opacity has-foreground-40\"><div class=\"wp-block-getwid-banner__wrapper has-background has-black-background-color\"><img decoding=\"async\" src=\"http:\/\/websiteopzet.nl\/eengoedereede\/wp-content\/uploads\/2019\/07\/mexican-kitchen.jpg\" alt=\"\" class=\"wp-block-getwid-banner__image wp-block-getwid-banner__source wp-image-586\"\/><div class=\"wp-block-getwid-banner__caption\" style=\"min-height:0px\"><div class=\"wp-block-getwid-banner__caption-wrapper\"><span class=\"wp-block-getwid-banner__title\"><strong>Gastronomie<\/strong><\/span><p class=\"wp-block-getwid-banner__text\"><strong>Kulinarische Gen\u00fcsse in einem der Restaurants oder Strandlokale vor Ort. <\/strong><\/p><\/div><\/div><\/div><\/div>\n\n\n\n<div class=\"wp-block-getwid-banner has-text-animation-opacity has-foreground-40\"><a href=\"https:\/\/www.aseal.nl\/\" target=\"_blank\" rel=\"noreferrer noopener\" class=\"wp-block-getwid-banner__link\"><div class=\"wp-block-getwid-banner__wrapper has-background has-black-background-color\"><img loading=\"lazy\" decoding=\"async\" width=\"1200\" height=\"799\" src=\"http:\/\/websiteopzet.nl\/eengoedereede\/wp-content\/uploads\/2020\/11\/aseal01.jpg\" alt=\"\" class=\"wp-block-getwid-banner__image wp-block-getwid-banner__source wp-image-1289\" srcset=\"https:\/\/eengoedereede.nl\/wp-content\/uploads\/2020\/11\/aseal01.jpg 1200w, https:\/\/eengoedereede.nl\/wp-content\/uploads\/2020\/11\/aseal01-600x400.jpg 600w, https:\/\/eengoedereede.nl\/wp-content\/uploads\/2020\/11\/aseal01-300x200.jpg 300w, https:\/\/eengoedereede.nl\/wp-content\/uploads\/2020\/11\/aseal01-1024x682.jpg 1024w, https:\/\/eengoedereede.nl\/wp-content\/uploads\/2020\/11\/aseal01-768x511.jpg 768w, https:\/\/eengoedereede.nl\/wp-content\/uploads\/2020\/11\/aseal01-1170x779.jpg 1170w\" sizes=\"auto, (max-width: 1200px) 100vw, 1200px\" \/><div class=\"wp-block-getwid-banner__caption\"><div class=\"wp-block-getwid-banner__caption-wrapper\"><span class=\"wp-block-getwid-banner__title\"><strong>Robbenschutzgebiet<\/strong><\/span><p class=\"wp-block-getwid-banner__text\"><strong>Besuchen Sie das Robbenschutzgebiet A seal<\/strong><\/p><\/div><\/div><\/div><\/a><\/div>\n\n\n\n<div class=\"wp-block-getwid-banner has-text-animation-opacity has-foreground-40\"><a href=\"https:\/\/www.sr-go.nl\/zuiderdiep\/\" target=\"_blank\" rel=\"noreferrer noopener\" class=\"wp-block-getwid-banner__link\"><div class=\"wp-block-getwid-banner__wrapper has-background has-black-background-color\"><img loading=\"lazy\" decoding=\"async\" width=\"2560\" height=\"1707\" src=\"https:\/\/eengoedereede.nl\/wp-content\/uploads\/2022\/03\/swimmingpool-scaled.jpg\" alt=\"\" class=\"wp-block-getwid-banner__image wp-block-getwid-banner__source wp-image-1871\" srcset=\"https:\/\/eengoedereede.nl\/wp-content\/uploads\/2022\/03\/swimmingpool-scaled.jpg 2560w, https:\/\/eengoedereede.nl\/wp-content\/uploads\/2022\/03\/swimmingpool-300x200.jpg 300w, https:\/\/eengoedereede.nl\/wp-content\/uploads\/2022\/03\/swimmingpool-1024x683.jpg 1024w, https:\/\/eengoedereede.nl\/wp-content\/uploads\/2022\/03\/swimmingpool-768x512.jpg 768w, https:\/\/eengoedereede.nl\/wp-content\/uploads\/2022\/03\/swimmingpool-1536x1024.jpg 1536w, https:\/\/eengoedereede.nl\/wp-content\/uploads\/2022\/03\/swimmingpool-2048x1365.jpg 2048w, https:\/\/eengoedereede.nl\/wp-content\/uploads\/2022\/03\/swimmingpool-1170x780.jpg 1170w, https:\/\/eengoedereede.nl\/wp-content\/uploads\/2022\/03\/swimmingpool-1320x880.jpg 1320w, https:\/\/eengoedereede.nl\/wp-content\/uploads\/2022\/03\/swimmingpool-600x400.jpg 600w\" sizes=\"auto, (max-width: 2560px) 100vw, 2560px\" \/><div class=\"wp-block-getwid-banner__caption\"><div class=\"wp-block-getwid-banner__caption-wrapper\"><span class=\"wp-block-getwid-banner__title\"><strong>Schwimmbad &#8218;t Zuiderdiep Stellendam<\/strong><\/span><p class=\"wp-block-getwid-banner__text\"><strong>Besuchen Sie das Schwimmbad &#8218;t Zuiderdiep, ein Hallen- und Freibad.<\/strong><\/p><\/div><\/div><\/div><\/a><\/div>\n\n\n\n<p><\/p>\n<\/div>\n<\/div>\n<\/div><\/div><\/div><\/div><\/div>\n","protected":false},"excerpt":{"rendered":"<p>Wenn Sie Wert auf Ruhe und viel Platz lieben, sind Sie bei uns genau richtig. Das B&amp;B liegt an mehreren Rad- und Wanderwegen und ist damit die ideale Basis f\u00fcr aktive Naturliebhaber. <\/p>\n","protected":false},"author":1,"featured_media":2240,"parent":0,"menu_order":0,"comment_status":"closed","ping_status":"closed","template":"","meta":{"footnotes":""},"class_list":["post-2389","page","type-page","status-publish","has-post-thumbnail","hentry"],"jetpack_sharing_enabled":true,"_links":{"self":[{"href":"https:\/\/eengoedereede.nl\/de\/wp-json\/wp\/v2\/pages\/2389","targetHints":{"allow":["GET"]}}],"collection":[{"href":"https:\/\/eengoedereede.nl\/de\/wp-json\/wp\/v2\/pages"}],"about":[{"href":"https:\/\/eengoedereede.nl\/de\/wp-json\/wp\/v2\/types\/page"}],"author":[{"embeddable":true,"href":"https:\/\/eengoedereede.nl\/de\/wp-json\/wp\/v2\/users\/1"}],"replies":[{"embeddable":true,"href":"https:\/\/eengoedereede.nl\/de\/wp-json\/wp\/v2\/comments?post=2389"}],"version-history":[{"count":1,"href":"https:\/\/eengoedereede.nl\/de\/wp-json\/wp\/v2\/pages\/2389\/revisions"}],"predecessor-version":[{"id":2390,"href":"https:\/\/eengoedereede.nl\/de\/wp-json\/wp\/v2\/pages\/2389\/revisions\/2390"}],"wp:featuredmedia":[{"embeddable":true,"href":"https:\/\/eengoedereede.nl\/de\/wp-json\/wp\/v2\/media\/2240"}],"wp:attachment":[{"href":"https:\/\/eengoedereede.nl\/de\/wp-json\/wp\/v2\/media?parent=2389"}],"curies":[{"name":"wp","href":"https:\/\/api.w.org\/{rel}","templated":true}]}}