{"id":2394,"date":"2021-10-05T19:32:24","date_gmt":"2021-10-05T17:32:24","guid":{"rendered":"https:\/\/eengoedereede.nl\/hausordnung-bb-een-goede-reede\/"},"modified":"2022-05-30T21:18:33","modified_gmt":"2022-05-30T19:18:33","slug":"hausordnung-bb-een-goede-reede","status":"publish","type":"page","link":"https:\/\/eengoedereede.nl\/de\/hausordnung-bb-een-goede-reede\/","title":{"rendered":"Hausordnung B&amp;B Een Goede Reede"},"content":{"rendered":"\n<p>Wir m\u00f6chten, dass Ihr Aufenthalt Ihren W\u00fcnschen entspricht.<br\/>Dazu sollten Sie wissen, was Sie erwarten k\u00f6nnen.<br\/>Wir bitten Sie darum, unsere Hausordnung zu lesen.<br\/>Bei der Best\u00e4tigung unseres Angebotes\/Buchung unterschreiben Sie, dass Sie die Hausordnung gelesen haben und sich mit ihr einverstanden erkl\u00e4ren.<\/p>\n\n<p><\/p>\n\n<ul class=\"wp-block-list\"><li>Einchecken im B&amp;B nach Absprache zwischen 16:00 und 20:00 Uhr, Auschecken vor 11:00 Uhr.<\/li><li>Hunde sind in den Chalets und auf dem Gel\u00e4nde nicht gestattet.<\/li><li>Die Mietvereinbarung ist erst nach erfolgter Bezahlung g\u00fcltig.<\/li><li>Nach Best\u00e4tigung Ihrer Anfrage erhalten Sie die Rechnung automatisch per E-Mail.<\/li><li>Bitte begleichen Sie die Rechnung innerhalb von 14 Tagen. (Auch Last-Minute-Buchungen m\u00fcssen im Voraus bezahlt werden).<br\/>Die \u00dcberweisung erfolgt an IBAN: NL54RABO 0357470079 \/ BIC: RABONL2U, Name: B&amp;B Een Goede Reede<\/li><li>Buchen Sie f\u00fcr eine andere Person ein Chalet? Kein Problem! Sie sind dann f\u00fcr die Buchung und die Bezahlung verantwortlich. Wir m\u00f6chten Sie jedoch darum bitten, uns die Kontaktdaten und die erwartete Ankunftszeit der G\u00e4ste mitzuteilen. Die G\u00e4ste m\u00fcssen sich \u00fcber die Hausordnung informieren und an ihre Regeln halten.<\/li><li>Sollten Sie die vereinbarte Buchung unverhofft nicht nutzen k\u00f6nnen, gelten bez\u00fcglich der Buchungskosten folgende Bestimmungen:<ul><li>Bei Stornierung bis zu 21 Tage vor der Ankunft erstatten wir den Gesamtbetrag zur\u00fcck.<\/li><li>Bei Stornierung zwischen 14 und 21 Tagen vor der geplanten Ankunft sind Sie zur Zahlung von 50% des Gesamtbetrages verpflichtet.<\/li><li>Innerhalb von 14 Tagen vor der Ankunft sind Sie zur Zahlung des Gesamtbetrags verpflichtet.<br\/>Eine Erstattung ist dann nicht mehr m\u00f6glich, da eine so kurzfristige Neuvermietung der Unterkunft sehr schwierig ist.<\/li><\/ul><\/li><li>Aus praktischen Gr\u00fcnden ist es leider nicht m\u00f6glich, Ihr Fahrzeug und\/oder Gep\u00e4ck vor der Check-in-Zeit zu uns zu bringen.<\/li><li>F\u00fcr jedes Chalet steht ein Parkplatz zur Verf\u00fcgung.<\/li><li>In unserem B&amp;B \u00fcbernachten Sie auf abgeschlossenem Privatgel\u00e4nde.<\/li><li>Um die Sicherheit und Privatsph\u00e4re von uns, Ihnen und anderen G\u00e4sten zu gew\u00e4hrleisten, ist es nicht gestattet, Besucher in Ihrem Chalet zu empfangen und andere Menschen die Einrichtung nutzen zu lassen.<\/li><li>G\u00e4ste werden darum gebeten, L\u00e4rm zu vermeiden.<\/li><li>Die Lieferung von Mahlzeiten ist aus praktischen Gr\u00fcnden nicht erlaubt. Wir bitten darum, den Verzehr stark riechender Nahrungsmittel im Chalet so gering wie m\u00f6glich zu halten. G\u00e4ste, die das Chalet nach Ihnen beziehen, k\u00f6nnten diese Ger\u00fcche als unangenehm empfinden.<\/li><li>Rauchen ist in den Innenr\u00e4umen nicht gestattet.<\/li><li>Offenes Feuer und Kerzen sind aus Sicherheitsgr\u00fcnden nicht erlaubt.<\/li><li>Aufgrund von Treppenstufen ist unser B&amp;B leider nicht barrierefrei.<\/li><li>Unsere Chalets sind nicht f\u00fcr Kleinkinder und Babys geeignet. Damit m\u00f6chten wir den Komfort und die Ruhe, die unsere G\u00e4ste suchen, garantieren.<\/li><li>Wir \u00fcbernehmen keine Haftung f\u00fcr verlorene oder gestohlene Gegenst\u00e4nde.<\/li><li>W\u00e4hrend Ihres Aufenthaltes kann immer mal etwas zu Bruch gehen. Meist ist dies ein Missgeschick. Darum sind alle Menschen versichert. Sie sind jedoch verpflichtet, uns den Schaden zu melden.<\/li><li>Sollten direkt nach Ihrer Abreise unerwartete Sch\u00e4den festgestellt werden oder Gegenst\u00e4nde fehlen, werden ihnen die Kosten f\u00fcr den Ersatz oder die Reparatur in Rechnung gestellt.<\/li><li>Sollten Sie oder Ihre Begleiter die Hausordnung missachten oder uns oder anderen G\u00e4sten auf irgendeine Weise bel\u00e4stigen behalten wir uns das Recht vor, Sie zur sofortigen Abreise aufzufordern. Eine R\u00fcckerstattung ist in diesem Fall nicht m\u00f6glich.<\/li><li>B&amp;B Een Goede Reede ist es bei vorliegender Begr\u00fcndung gestattet, eine Buchung zu stornieren. In diesem Fall wird Ihnen der gezahlte Betrag komplett erstattet. Au\u00dferdem bem\u00fchen wir uns mit Ihnen um eine annehmliche L\u00f6sung.<\/li><\/ul>\n\n<p>Wir bem\u00fchen uns darum, den Aufenthalt unserer G\u00e4ste so angenehm wie m\u00f6glich zu gestalten.<br\/>Sollte w\u00e4hrend Ihres Aufenthaltes etwas nicht nach Ihren W\u00fcnschen sein, sagen Sie uns bitte direkt Bescheid.<br\/>Vielleicht k\u00f6nnen wir Ihr Problem sofort l\u00f6sen.<\/p>\n\n<p><\/p>\n\n<p><\/p>\n","protected":false},"excerpt":{"rendered":"<p>Wir m\u00f6chten, dass Ihr Aufenthalt Ihren W\u00fcnschen entspricht.Dazu sollten Sie wissen, was Sie erwarten k\u00f6nnen.Wir bitten Sie darum, unsere Hausordnung zu lesen.Bei der Best\u00e4tigung unseres Angebotes\/Buchung unterschreiben Sie, dass Sie die Hausordnung gelesen haben und sich mit ihr einverstanden erkl\u00e4ren. Einchecken im B&amp;B nach Absprache zwischen 16:00 und 20:00 Uhr, Auschecken vor 11:00 Uhr. Hunde [&hellip;]<\/p>\n","protected":false},"author":1,"featured_media":0,"parent":0,"menu_order":0,"comment_status":"closed","ping_status":"closed","template":"","meta":{"footnotes":""},"class_list":["post-2394","page","type-page","status-publish","hentry"],"jetpack_sharing_enabled":true,"_links":{"self":[{"href":"https:\/\/eengoedereede.nl\/de\/wp-json\/wp\/v2\/pages\/2394","targetHints":{"allow":["GET"]}}],"collection":[{"href":"https:\/\/eengoedereede.nl\/de\/wp-json\/wp\/v2\/pages"}],"about":[{"href":"https:\/\/eengoedereede.nl\/de\/wp-json\/wp\/v2\/types\/page"}],"author":[{"embeddable":true,"href":"https:\/\/eengoedereede.nl\/de\/wp-json\/wp\/v2\/users\/1"}],"replies":[{"embeddable":true,"href":"https:\/\/eengoedereede.nl\/de\/wp-json\/wp\/v2\/comments?post=2394"}],"version-history":[{"count":1,"href":"https:\/\/eengoedereede.nl\/de\/wp-json\/wp\/v2\/pages\/2394\/revisions"}],"predecessor-version":[{"id":2395,"href":"https:\/\/eengoedereede.nl\/de\/wp-json\/wp\/v2\/pages\/2394\/revisions\/2395"}],"wp:attachment":[{"href":"https:\/\/eengoedereede.nl\/de\/wp-json\/wp\/v2\/media?parent=2394"}],"curies":[{"name":"wp","href":"https:\/\/api.w.org\/{rel}","templated":true}]}}